{"id":38,"date":"2026-01-12T11:53:24","date_gmt":"2026-01-12T11:53:24","guid":{"rendered":"https:\/\/tiendapulso.com\/?page_id=38"},"modified":"2026-01-12T11:53:24","modified_gmt":"2026-01-12T11:53:24","slug":"politica-de-cookies","status":"publish","type":"page","link":"https:\/\/tiendapulso.com\/index.php\/politica-de-cookies\/","title":{"rendered":"Pol\u00edtica de cookies"},"content":{"rendered":"\n<div class=\"bs-widget-title one\"><h2 class=\"wp-block-heading\"><span><i class=\"fas fa-arrow-right\"><\/i><\/span>Introducci\u00f3n <\/h2><div class=\"border-line\"><\/div><\/div>\n\n\n\n<p>Esta Pol\u00edtica de Cookies explica c\u00f3mo\u00a0(\u00abnosotros\u00bb, \u00abnos\u00bb y \u00abnuestro\u00bb) utiliza cookies y similares tecnolog\u00edas a reconocerle cuando visita nuestro sitio web . Explica qu\u00e9 son estas tecnolog\u00edas y por qu\u00e9. nosotros usar ellos, as\u00ed como sus derechos a controlar nuestro uso de ellos.<\/p>\n\n\n\n<div class=\"bs-widget-title one\"><h2 class=\"wp-block-heading\"><span><i class=\"fas fa-arrow-right\"><\/i><\/span>\u00bfQu\u00e9 son las cookies? <\/h2><div class=\"border-line\"><\/div><\/div>\n\n\n\n<p>Las cookies son peque\u00f1os archivos de datos que se colocan en su computadora o dispositivo m\u00f3vil cuando visita un sitio web. Galletas son ampliamente utilizado por los propietarios de sitios web para que sus sitios web funcionen, o para que funcionen de manera m\u00e1s eficiente, as\u00ed como para proporcionar informaci\u00f3n de presentaci\u00f3n de informes.<\/p>\n\n\n\n<p>Cookies establecidas por el propietario del sitio web (en este caso,&nbsp;) se denominan \u00abcookies de origen\u00bb. Galletas colocar por terceros distintos del propietario del sitio web se denominan \u00abcookies de terceros\u00bb. Las cookies de terceros permiten a terceros caracter\u00edsticas o funcionalidad que se proporcionar\u00e1 en o a trav\u00e9s del sitio web (por ejemplo, publicidad, contenido interactivo y anal\u00edtica). El Las partes que configuran estas cookies de terceros pueden reconocer su computadora tanto cuando visita el sitio web en pregunta y tambi\u00e9n cuando visita otros sitios web determinados.<\/p>\n\n\n\n<div class=\"bs-widget-title one\"><h2 class=\"wp-block-heading\"><span><i class=\"fas fa-arrow-right\"><\/i><\/span>\u00bfPor qu\u00e9 utilizamos cookies? <\/h2><div class=\"border-line\"><\/div><\/div>\n\n\n\n<p>Utilizamos cookies propias y de terceros por varios motivos. Algunas cookies son necesarias por motivos t\u00e9cnicos. en orden para que nuestros sitios web funcionen, y nos referimos a ellas como cookies \u00abesenciales\u00bb o \u00abestrictamente necesarias\u00bb. Otras galletas tambi\u00e9n nos permiten rastrear y orientar los intereses de nuestros usuarios para mejorar la experiencia en nuestras Propiedades en l\u00ednea. Tercero Las partes env\u00edan cookies a trav\u00e9s de nuestros sitios web con fines publicitarios, anal\u00edticos y otros fines. Esto se describe en m\u00e1s detalle a continuaci\u00f3n.<\/p>\n\n\n\n<p>Los tipos de cookies utilizadas en nuestro sitio web:<\/p>\n\n\n\n<ul class=\"wp-block-list\">\n<li>Cookies esenciales: estas cookies son estrictamente necesarias para brindarle los servicios disponibles a trav\u00e9s de nuestro Sitios web y para utilizar algunas de sus funciones, como el acceso a \u00e1reas seguras.<\/li>\n\n\n\n<li>Cookies de rendimiento y funcionalidad: estas cookies se utilizan para mejorar el rendimiento y la funcionalidad. de nuestro Sitios web pero no son esenciales para su uso. Sin embargo, sin estas cookies, ciertas funciones pueden convertirse indisponible.<\/li>\n\n\n\n<li>Cookies de an\u00e1lisis y personalizaci\u00f3n: estas cookies recopilan informaci\u00f3n que se utiliza de forma agregada ayudar a nosotros comprender c\u00f3mo se utilizan nuestros sitios web o qu\u00e9 tan efectivas son nuestras campa\u00f1as de marketing, o para ayudarnos personalizar nuestro Sitios web para ti.<\/li>\n\n\n\n<li>Cookies publicitarias: estas cookies se utilizan para hacer que los mensajes publicitarios sean m\u00e1s relevantes para usted. Ellos realizan funciones como evitar que el mismo anuncio vuelva a aparecer continuamente, garantizar que los anuncios se muestren correctamente para anunciantes, y en algunos casos, seleccionar anuncios que se basen en sus intereses.<\/li>\n<\/ul>\n\n\n\n<div class=\"bs-widget-title one\"><h2 class=\"wp-block-heading\"><span><i class=\"fas fa-arrow-right\"><\/i><\/span>\u00bfC\u00f3mo puedo controlar las cookies? <\/h2><div class=\"border-line\"><\/div><\/div>\n\n\n\n<p>Tienes derecho a decidir si aceptas o rechazas las cookies. Puede ejercer sus derechos de cookies configurando su preferencias en el Administrador de consentimiento de cookies. El Administrador de consentimiento de cookies le permite seleccionar qu\u00e9 categor\u00edas de galletas aceptas o rechazas. Las cookies esenciales no se pueden rechazar ya que son estrictamente necesarias para proporcionarle servicios.<\/p>\n\n\n\n<p>Los pasos espec\u00edficos para hacer esto var\u00edan de un navegador a otro, as\u00ed que consulte el men\u00fa de ayuda de su navegador para obtener m\u00e1s informaci\u00f3n. informaci\u00f3n.<\/p>\n\n\n\n<div class=\"bs-widget-title one\"><h2 class=\"wp-block-heading\"><span><i class=\"fas fa-arrow-right\"><\/i><\/span>Cambios en la Pol\u00edtica de Cookies <\/h2><div class=\"border-line\"><\/div><\/div>\n\n\n\n<p>Podemos actualizar esta Pol\u00edtica de cookies de vez en cuando para reflejar, por ejemplo, cambios en las cookies que utilizamos. usar o por otras razones operativas, legales o regulatorias. Por lo tanto, vuelva a visitar esta Pol\u00edtica de cookies peri\u00f3dicamente para permanecer informado sobre nuestro uso de cookies y tecnolog\u00edas relacionadas.<\/p>\n\n\n\n<div class=\"bs-widget-title one\"><h2 class=\"wp-block-heading\"><span><i class=\"fas fa-arrow-right\"><\/i><\/span>Cont\u00e1ctenos <\/h2><div class=\"border-line\"><\/div><\/div>\n\n\n\n<p>Si tiene alguna pregunta sobre nuestro uso de cookies u otras tecnolog\u00edas, env\u00edenos un correo electr\u00f3nico.<\/p>\n","protected":false},"excerpt":{"rendered":"<p>Introducci\u00f3n Esta Pol\u00edtica de Cookies explica c\u00f3mo\u00a0(\u00abnosotros\u00bb, \u00abnos\u00bb y \u00abnuestro\u00bb) utiliza cookies y similares tecnolog\u00edas&#8230;<\/p>\n","protected":false},"author":1,"featured_media":0,"parent":0,"menu_order":0,"comment_status":"closed","ping_status":"closed","template":"","meta":{"footnotes":""},"class_list":["post-38","page","type-page","status-publish","hentry"],"yoast_head":"<!-- This site is optimized with the Yoast SEO plugin v26.7 - https:\/\/yoast.com\/wordpress\/plugins\/seo\/ -->\n<title>Pol\u00edtica de cookies - Altiora Flight<\/title>\n<meta name=\"robots\" content=\"index, follow, max-snippet:-1, max-image-preview:large, max-video-preview:-1\" \/>\n<link rel=\"canonical\" href=\"https:\/\/tiendapulso.com\/index.php\/politica-de-cookies\/\" \/>\n<meta property=\"og:locale\" content=\"es_ES\" \/>\n<meta property=\"og:type\" content=\"article\" \/>\n<meta property=\"og:title\" content=\"Pol\u00edtica de cookies - Altiora Flight\" \/>\n<meta property=\"og:description\" content=\"Introducci\u00f3n Esta Pol\u00edtica de Cookies explica c\u00f3mo\u00a0(\u00abnosotros\u00bb, \u00abnos\u00bb y \u00abnuestro\u00bb) utiliza cookies y similares tecnolog\u00edas...\" \/>\n<meta property=\"og:url\" content=\"https:\/\/tiendapulso.com\/index.php\/politica-de-cookies\/\" \/>\n<meta property=\"og:site_name\" content=\"Altiora Flight\" \/>\n<meta name=\"twitter:card\" content=\"summary_large_image\" \/>\n<meta name=\"twitter:label1\" content=\"Tiempo de lectura\" \/>\n\t<meta name=\"twitter:data1\" content=\"3 minutos\" \/>\n<script type=\"application\/ld+json\" class=\"yoast-schema-graph\">{\"@context\":\"https:\/\/schema.org\",\"@graph\":[{\"@type\":\"WebPage\",\"@id\":\"https:\/\/tiendapulso.com\/index.php\/politica-de-cookies\/\",\"url\":\"https:\/\/tiendapulso.com\/index.php\/politica-de-cookies\/\",\"name\":\"Pol\u00edtica de cookies - Altiora Flight\",\"isPartOf\":{\"@id\":\"https:\/\/tiendapulso.com\/#website\"},\"datePublished\":\"2026-01-12T11:53:24+00:00\",\"breadcrumb\":{\"@id\":\"https:\/\/tiendapulso.com\/index.php\/politica-de-cookies\/#breadcrumb\"},\"inLanguage\":\"es\",\"potentialAction\":[{\"@type\":\"ReadAction\",\"target\":[\"https:\/\/tiendapulso.com\/index.php\/politica-de-cookies\/\"]}]},{\"@type\":\"BreadcrumbList\",\"@id\":\"https:\/\/tiendapulso.com\/index.php\/politica-de-cookies\/#breadcrumb\",\"itemListElement\":[{\"@type\":\"ListItem\",\"position\":1,\"name\":\"Home\",\"item\":\"https:\/\/tiendapulso.com\/\"},{\"@type\":\"ListItem\",\"position\":2,\"name\":\"Pol\u00edtica de cookies\"}]},{\"@type\":\"WebSite\",\"@id\":\"https:\/\/tiendapulso.com\/#website\",\"url\":\"https:\/\/tiendapulso.com\/\",\"name\":\"Altiora Flight\",\"description\":\"Altiora Flight ofrece programas de formaci\u00f3n y capacitaci\u00f3n para pilotos privados. Entrenamiento pr\u00e1ctico, cursos estructurados y apoyo en todas las etapas de la formaci\u00f3n.\",\"publisher\":{\"@id\":\"https:\/\/tiendapulso.com\/#organization\"},\"potentialAction\":[{\"@type\":\"SearchAction\",\"target\":{\"@type\":\"EntryPoint\",\"urlTemplate\":\"https:\/\/tiendapulso.com\/?s={search_term_string}\"},\"query-input\":{\"@type\":\"PropertyValueSpecification\",\"valueRequired\":true,\"valueName\":\"search_term_string\"}}],\"inLanguage\":\"es\"},{\"@type\":\"Organization\",\"@id\":\"https:\/\/tiendapulso.com\/#organization\",\"name\":\"Altiora Flight\",\"url\":\"https:\/\/tiendapulso.com\/\",\"logo\":{\"@type\":\"ImageObject\",\"inLanguage\":\"es\",\"@id\":\"https:\/\/tiendapulso.com\/#\/schema\/logo\/image\/\",\"url\":\"https:\/\/tiendapulso.com\/wp-content\/uploads\/2026\/01\/cropped-logo.png\",\"contentUrl\":\"https:\/\/tiendapulso.com\/wp-content\/uploads\/2026\/01\/cropped-logo.png\",\"width\":718,\"height\":141,\"caption\":\"Altiora Flight\"},\"image\":{\"@id\":\"https:\/\/tiendapulso.com\/#\/schema\/logo\/image\/\"}}]}<\/script>\n<!-- \/ Yoast SEO plugin. -->","yoast_head_json":{"title":"Pol\u00edtica de cookies - Altiora Flight","robots":{"index":"index","follow":"follow","max-snippet":"max-snippet:-1","max-image-preview":"max-image-preview:large","max-video-preview":"max-video-preview:-1"},"canonical":"https:\/\/tiendapulso.com\/index.php\/politica-de-cookies\/","og_locale":"es_ES","og_type":"article","og_title":"Pol\u00edtica de cookies - Altiora Flight","og_description":"Introducci\u00f3n Esta Pol\u00edtica de Cookies explica c\u00f3mo\u00a0(\u00abnosotros\u00bb, \u00abnos\u00bb y \u00abnuestro\u00bb) utiliza cookies y similares tecnolog\u00edas...","og_url":"https:\/\/tiendapulso.com\/index.php\/politica-de-cookies\/","og_site_name":"Altiora Flight","twitter_card":"summary_large_image","twitter_misc":{"Tiempo de lectura":"3 minutos"},"schema":{"@context":"https:\/\/schema.org","@graph":[{"@type":"WebPage","@id":"https:\/\/tiendapulso.com\/index.php\/politica-de-cookies\/","url":"https:\/\/tiendapulso.com\/index.php\/politica-de-cookies\/","name":"Pol\u00edtica de cookies - Altiora Flight","isPartOf":{"@id":"https:\/\/tiendapulso.com\/#website"},"datePublished":"2026-01-12T11:53:24+00:00","breadcrumb":{"@id":"https:\/\/tiendapulso.com\/index.php\/politica-de-cookies\/#breadcrumb"},"inLanguage":"es","potentialAction":[{"@type":"ReadAction","target":["https:\/\/tiendapulso.com\/index.php\/politica-de-cookies\/"]}]},{"@type":"BreadcrumbList","@id":"https:\/\/tiendapulso.com\/index.php\/politica-de-cookies\/#breadcrumb","itemListElement":[{"@type":"ListItem","position":1,"name":"Home","item":"https:\/\/tiendapulso.com\/"},{"@type":"ListItem","position":2,"name":"Pol\u00edtica de cookies"}]},{"@type":"WebSite","@id":"https:\/\/tiendapulso.com\/#website","url":"https:\/\/tiendapulso.com\/","name":"Altiora Flight","description":"Altiora Flight ofrece programas de formaci\u00f3n y capacitaci\u00f3n para pilotos privados. Entrenamiento pr\u00e1ctico, cursos estructurados y apoyo en todas las etapas de la formaci\u00f3n.","publisher":{"@id":"https:\/\/tiendapulso.com\/#organization"},"potentialAction":[{"@type":"SearchAction","target":{"@type":"EntryPoint","urlTemplate":"https:\/\/tiendapulso.com\/?s={search_term_string}"},"query-input":{"@type":"PropertyValueSpecification","valueRequired":true,"valueName":"search_term_string"}}],"inLanguage":"es"},{"@type":"Organization","@id":"https:\/\/tiendapulso.com\/#organization","name":"Altiora Flight","url":"https:\/\/tiendapulso.com\/","logo":{"@type":"ImageObject","inLanguage":"es","@id":"https:\/\/tiendapulso.com\/#\/schema\/logo\/image\/","url":"https:\/\/tiendapulso.com\/wp-content\/uploads\/2026\/01\/cropped-logo.png","contentUrl":"https:\/\/tiendapulso.com\/wp-content\/uploads\/2026\/01\/cropped-logo.png","width":718,"height":141,"caption":"Altiora Flight"},"image":{"@id":"https:\/\/tiendapulso.com\/#\/schema\/logo\/image\/"}}]}},"_links":{"self":[{"href":"https:\/\/tiendapulso.com\/index.php\/wp-json\/wp\/v2\/pages\/38","targetHints":{"allow":["GET"]}}],"collection":[{"href":"https:\/\/tiendapulso.com\/index.php\/wp-json\/wp\/v2\/pages"}],"about":[{"href":"https:\/\/tiendapulso.com\/index.php\/wp-json\/wp\/v2\/types\/page"}],"author":[{"embeddable":true,"href":"https:\/\/tiendapulso.com\/index.php\/wp-json\/wp\/v2\/users\/1"}],"replies":[{"embeddable":true,"href":"https:\/\/tiendapulso.com\/index.php\/wp-json\/wp\/v2\/comments?post=38"}],"version-history":[{"count":1,"href":"https:\/\/tiendapulso.com\/index.php\/wp-json\/wp\/v2\/pages\/38\/revisions"}],"predecessor-version":[{"id":39,"href":"https:\/\/tiendapulso.com\/index.php\/wp-json\/wp\/v2\/pages\/38\/revisions\/39"}],"wp:attachment":[{"href":"https:\/\/tiendapulso.com\/index.php\/wp-json\/wp\/v2\/media?parent=38"}],"curies":[{"name":"wp","href":"https:\/\/api.w.org\/{rel}","templated":true}]}}