{"id":36,"date":"2026-01-12T11:53:14","date_gmt":"2026-01-12T11:53:14","guid":{"rendered":"https:\/\/tiendapulso.com\/?page_id=36"},"modified":"2026-01-12T11:53:14","modified_gmt":"2026-01-12T11:53:14","slug":"terminos-y-condiciones","status":"publish","type":"page","link":"https:\/\/tiendapulso.com\/index.php\/terminos-y-condiciones\/","title":{"rendered":"T\u00e9rminos y condiciones"},"content":{"rendered":"\n<div class=\"bs-widget-title one\"><h2 class=\"wp-block-heading\"><span><i class=\"fas fa-arrow-right\"><\/i><\/span>1. Aceptaci\u00f3n de los t\u00e9rminos <\/h2><div class=\"border-line\"><\/div><\/div>\n\n\n\n<p>Usted (\u00abUsuario\u00bb o \u00abusted\u00bb) y nosotros (\u00abCompa\u00f1\u00eda\u00bb, \u00abnosotros\u00bb, \u00abnos\u00bb o \u00abnuestro\u00bb) est\u00e1n sujetos a estos t\u00e9rminos y condiciones (\u00abAcuerdo\u00bb), que controlan c\u00f3mo utiliza nuestro sitio web y servicios. Usted acepta estar sujeto a este Acuerdo al acceder o utilizar el sitio web, e indica que lo ha le\u00eddo y comprendido.<\/p>\n\n\n\n<div class=\"bs-widget-title one\"><h2 class=\"wp-block-heading\"><span><i class=\"fas fa-arrow-right\"><\/i><\/span>2. Responsabilidades del usuario <\/h2><div class=\"border-line\"><\/div><\/div>\n\n\n\n<p>Al utilizar el sitio web y sus servicios, usted acepta cumplir con todas las leyes y regulaciones relevantes. Usted asume toda la responsabilidad por cualquier contenido que cargue o env\u00ede a trav\u00e9s del sitio web, y mientras utiliza nuestros servicios, no se le permite actuar de manera ilegal, difamatoria o abusiva.<\/p>\n\n\n\n<div class=\"bs-widget-title one\"><h2 class=\"wp-block-heading\"><span><i class=\"fas fa-arrow-right\"><\/i><\/span>3. Propiedad intelectual <\/h2><div class=\"border-line\"><\/div><\/div>\n\n\n\n<p>La Compa\u00f1\u00eda es la propietaria del sitio web y de todas sus caracter\u00edsticas, contenido y funcionalidad originales. Estos est\u00e1n protegidos contra la infracci\u00f3n de derechos de autor, marcas comerciales, patentes, secretos comerciales y otras leyes internacionales de propiedad intelectual.<\/p>\n\n\n\n<div class=\"bs-widget-title one\"><h2 class=\"wp-block-heading\"><span><i class=\"fas fa-arrow-right\"><\/i><\/span>4. Contenido de terceros <\/h2><div class=\"border-line\"><\/div><\/div>\n\n\n\n<p>En el sitio web se pueden encontrar enlaces a sitios web, servicios o recursos externos que no son propiedad o control de la Compa\u00f1\u00eda. El contenido, las pol\u00edticas de privacidad y las pr\u00e1cticas de cualquier sitio web o servicio de terceros est\u00e1n fuera de nuestro control y responsabilidad. Usted comprende y acepta que la Compa\u00f1\u00eda no ser\u00e1 responsable de ninguna p\u00e9rdida o da\u00f1o que resulte o est\u00e9 relacionado con el uso de dicho contenido de terceros.<\/p>\n\n\n\n<div class=\"bs-widget-title one\"><h2 class=\"wp-block-heading\"><span><i class=\"fas fa-arrow-right\"><\/i><\/span>5. Limitaci\u00f3n de responsabilidad <\/h2><div class=\"border-line\"><\/div><\/div>\n\n\n\n<p>La empresa, sus directores, empleados, socios, agentes, proveedores o afiliados no ser\u00e1n responsables en ning\u00fan caso de ning\u00fan da\u00f1o punitivo, consecuente, especial, incidental o indirecto, incluidos, entre otros, la p\u00e9rdida de fondo de comercio, uso o beneficios, u otras p\u00e9rdidas intangibles, que resulten de (i) su acceso, uso o incapacidad de uso de la Para obtener acceso o hacer uso del sitio web o sus servicios, (ii) cualquier comportamiento o material publicado por terceros en el sitio web, o (iii) cualquier acceso, uso o modificaci\u00f3n ilegal de sus comunicaciones o contenido.<\/p>\n\n\n\n<div class=\"bs-widget-title one\"><h2 class=\"wp-block-heading\"><span><i class=\"fas fa-arrow-right\"><\/i><\/span>6. Terminaci\u00f3n <\/h2><div class=\"border-line\"><\/div><\/div>\n\n\n\n<p>Por cualquier motivo, incluido, entre otros, si viola este Acuerdo, podemos cancelar o suspender inmediatamente su acceso al sitio web y los servicios, sin previo aviso ni responsabilidad. Su capacidad para utilizar el sitio web y sus servicios finalizar\u00e1 instant\u00e1neamente despu\u00e9s de la terminaci\u00f3n.<\/p>\n\n\n\n<div class=\"bs-widget-title one\"><h2 class=\"wp-block-heading\"><span><i class=\"fas fa-arrow-right\"><\/i><\/span>7. Legislaci\u00f3n aplicable <\/h2><div class=\"border-line\"><\/div><\/div>\n\n\n\n<p>Las leyes de [Jurisdicci\u00f3n] regir\u00e1n este Acuerdo y se seguir\u00e1n en su interpretaci\u00f3n. Cualquier demanda u otra acci\u00f3n legal que resulte de este acuerdo o est\u00e9 relacionada con \u00e9l solo caer\u00e1 bajo la jurisdicci\u00f3n de los tribunales de [Jurisdicci\u00f3n].<\/p>\n\n\n\n<div class=\"bs-widget-title one\"><h2 class=\"wp-block-heading\"><span><i class=\"fas fa-arrow-right\"><\/i><\/span>8. Modificaciones <\/h2><div class=\"border-line\"><\/div><\/div>\n\n\n\n<p>Tenemos el derecho de enmendar o cambiar este Acuerdo en cualquier momento, a nuestra entera discreci\u00f3n. El Acuerdo siempre estar\u00e1 disponible en el sitio web en su edici\u00f3n m\u00e1s reciente. Usted acepta el Acuerdo actualizado si contin\u00faa utilizando el sitio web y los servicios despu\u00e9s de dichos cambios.<\/p>\n\n\n\n<div class=\"bs-widget-title one\"><h2 class=\"wp-block-heading\"><span><i class=\"fas fa-arrow-right\"><\/i><\/span>9. Divisibilidad <\/h2><div class=\"border-line\"><\/div><\/div>\n\n\n\n<p>Los t\u00e9rminos restantes de este acuerdo permanecer\u00e1n en pleno vigor y efecto en caso de que se determine que alguna disposici\u00f3n es inv\u00e1lida o inaplicable. Se sustituir\u00e1 por un t\u00e9rmino exigible que, en la mayor medida posible, refleje nuestro significado.<\/p>\n\n\n\n<div class=\"bs-widget-title one\"><h2 class=\"wp-block-heading\"><span><i class=\"fas fa-arrow-right\"><\/i><\/span>10. Acuerdo completo <\/h2><div class=\"border-line\"><\/div><\/div>\n\n\n\n<p>Este Acuerdo reemplaza todos los entendimientos y acuerdos anteriores y contempor\u00e1neos y representa el acuerdo completo entre usted y la Compa\u00f1\u00eda con respecto al uso del sitio web y los servicios.<\/p>\n","protected":false},"excerpt":{"rendered":"<p>1. Aceptaci\u00f3n de los t\u00e9rminos Usted (\u00abUsuario\u00bb o \u00abusted\u00bb) y nosotros (\u00abCompa\u00f1\u00eda\u00bb, \u00abnosotros\u00bb, \u00abnos\u00bb o&#8230;<\/p>\n","protected":false},"author":1,"featured_media":0,"parent":0,"menu_order":0,"comment_status":"closed","ping_status":"closed","template":"","meta":{"footnotes":""},"class_list":["post-36","page","type-page","status-publish","hentry"],"yoast_head":"<!-- This site is optimized with the Yoast SEO plugin v26.7 - https:\/\/yoast.com\/wordpress\/plugins\/seo\/ -->\n<title>T\u00e9rminos y condiciones - Altiora Flight<\/title>\n<meta name=\"robots\" content=\"index, follow, max-snippet:-1, max-image-preview:large, max-video-preview:-1\" \/>\n<link rel=\"canonical\" href=\"https:\/\/tiendapulso.com\/index.php\/terminos-y-condiciones\/\" \/>\n<meta property=\"og:locale\" content=\"es_ES\" \/>\n<meta property=\"og:type\" content=\"article\" \/>\n<meta property=\"og:title\" content=\"T\u00e9rminos y condiciones - Altiora Flight\" \/>\n<meta property=\"og:description\" content=\"1. Aceptaci\u00f3n de los t\u00e9rminos Usted (\u00abUsuario\u00bb o \u00abusted\u00bb) y nosotros (\u00abCompa\u00f1\u00eda\u00bb, \u00abnosotros\u00bb, \u00abnos\u00bb o...\" \/>\n<meta property=\"og:url\" content=\"https:\/\/tiendapulso.com\/index.php\/terminos-y-condiciones\/\" \/>\n<meta property=\"og:site_name\" content=\"Altiora Flight\" \/>\n<meta name=\"twitter:card\" content=\"summary_large_image\" \/>\n<meta name=\"twitter:label1\" content=\"Tiempo de lectura\" \/>\n\t<meta name=\"twitter:data1\" content=\"3 minutos\" \/>\n<script type=\"application\/ld+json\" class=\"yoast-schema-graph\">{\"@context\":\"https:\/\/schema.org\",\"@graph\":[{\"@type\":\"WebPage\",\"@id\":\"https:\/\/tiendapulso.com\/index.php\/terminos-y-condiciones\/\",\"url\":\"https:\/\/tiendapulso.com\/index.php\/terminos-y-condiciones\/\",\"name\":\"T\u00e9rminos y condiciones - Altiora Flight\",\"isPartOf\":{\"@id\":\"https:\/\/tiendapulso.com\/#website\"},\"datePublished\":\"2026-01-12T11:53:14+00:00\",\"breadcrumb\":{\"@id\":\"https:\/\/tiendapulso.com\/index.php\/terminos-y-condiciones\/#breadcrumb\"},\"inLanguage\":\"es\",\"potentialAction\":[{\"@type\":\"ReadAction\",\"target\":[\"https:\/\/tiendapulso.com\/index.php\/terminos-y-condiciones\/\"]}]},{\"@type\":\"BreadcrumbList\",\"@id\":\"https:\/\/tiendapulso.com\/index.php\/terminos-y-condiciones\/#breadcrumb\",\"itemListElement\":[{\"@type\":\"ListItem\",\"position\":1,\"name\":\"Home\",\"item\":\"https:\/\/tiendapulso.com\/\"},{\"@type\":\"ListItem\",\"position\":2,\"name\":\"T\u00e9rminos y condiciones\"}]},{\"@type\":\"WebSite\",\"@id\":\"https:\/\/tiendapulso.com\/#website\",\"url\":\"https:\/\/tiendapulso.com\/\",\"name\":\"Altiora Flight\",\"description\":\"Altiora Flight ofrece programas de formaci\u00f3n y capacitaci\u00f3n para pilotos privados. Entrenamiento pr\u00e1ctico, cursos estructurados y apoyo en todas las etapas de la formaci\u00f3n.\",\"publisher\":{\"@id\":\"https:\/\/tiendapulso.com\/#organization\"},\"potentialAction\":[{\"@type\":\"SearchAction\",\"target\":{\"@type\":\"EntryPoint\",\"urlTemplate\":\"https:\/\/tiendapulso.com\/?s={search_term_string}\"},\"query-input\":{\"@type\":\"PropertyValueSpecification\",\"valueRequired\":true,\"valueName\":\"search_term_string\"}}],\"inLanguage\":\"es\"},{\"@type\":\"Organization\",\"@id\":\"https:\/\/tiendapulso.com\/#organization\",\"name\":\"Altiora Flight\",\"url\":\"https:\/\/tiendapulso.com\/\",\"logo\":{\"@type\":\"ImageObject\",\"inLanguage\":\"es\",\"@id\":\"https:\/\/tiendapulso.com\/#\/schema\/logo\/image\/\",\"url\":\"https:\/\/tiendapulso.com\/wp-content\/uploads\/2026\/01\/cropped-logo.png\",\"contentUrl\":\"https:\/\/tiendapulso.com\/wp-content\/uploads\/2026\/01\/cropped-logo.png\",\"width\":718,\"height\":141,\"caption\":\"Altiora Flight\"},\"image\":{\"@id\":\"https:\/\/tiendapulso.com\/#\/schema\/logo\/image\/\"}}]}<\/script>\n<!-- \/ Yoast SEO plugin. -->","yoast_head_json":{"title":"T\u00e9rminos y condiciones - Altiora Flight","robots":{"index":"index","follow":"follow","max-snippet":"max-snippet:-1","max-image-preview":"max-image-preview:large","max-video-preview":"max-video-preview:-1"},"canonical":"https:\/\/tiendapulso.com\/index.php\/terminos-y-condiciones\/","og_locale":"es_ES","og_type":"article","og_title":"T\u00e9rminos y condiciones - Altiora Flight","og_description":"1. Aceptaci\u00f3n de los t\u00e9rminos Usted (\u00abUsuario\u00bb o \u00abusted\u00bb) y nosotros (\u00abCompa\u00f1\u00eda\u00bb, \u00abnosotros\u00bb, \u00abnos\u00bb o...","og_url":"https:\/\/tiendapulso.com\/index.php\/terminos-y-condiciones\/","og_site_name":"Altiora Flight","twitter_card":"summary_large_image","twitter_misc":{"Tiempo de lectura":"3 minutos"},"schema":{"@context":"https:\/\/schema.org","@graph":[{"@type":"WebPage","@id":"https:\/\/tiendapulso.com\/index.php\/terminos-y-condiciones\/","url":"https:\/\/tiendapulso.com\/index.php\/terminos-y-condiciones\/","name":"T\u00e9rminos y condiciones - Altiora Flight","isPartOf":{"@id":"https:\/\/tiendapulso.com\/#website"},"datePublished":"2026-01-12T11:53:14+00:00","breadcrumb":{"@id":"https:\/\/tiendapulso.com\/index.php\/terminos-y-condiciones\/#breadcrumb"},"inLanguage":"es","potentialAction":[{"@type":"ReadAction","target":["https:\/\/tiendapulso.com\/index.php\/terminos-y-condiciones\/"]}]},{"@type":"BreadcrumbList","@id":"https:\/\/tiendapulso.com\/index.php\/terminos-y-condiciones\/#breadcrumb","itemListElement":[{"@type":"ListItem","position":1,"name":"Home","item":"https:\/\/tiendapulso.com\/"},{"@type":"ListItem","position":2,"name":"T\u00e9rminos y condiciones"}]},{"@type":"WebSite","@id":"https:\/\/tiendapulso.com\/#website","url":"https:\/\/tiendapulso.com\/","name":"Altiora Flight","description":"Altiora Flight ofrece programas de formaci\u00f3n y capacitaci\u00f3n para pilotos privados. Entrenamiento pr\u00e1ctico, cursos estructurados y apoyo en todas las etapas de la formaci\u00f3n.","publisher":{"@id":"https:\/\/tiendapulso.com\/#organization"},"potentialAction":[{"@type":"SearchAction","target":{"@type":"EntryPoint","urlTemplate":"https:\/\/tiendapulso.com\/?s={search_term_string}"},"query-input":{"@type":"PropertyValueSpecification","valueRequired":true,"valueName":"search_term_string"}}],"inLanguage":"es"},{"@type":"Organization","@id":"https:\/\/tiendapulso.com\/#organization","name":"Altiora Flight","url":"https:\/\/tiendapulso.com\/","logo":{"@type":"ImageObject","inLanguage":"es","@id":"https:\/\/tiendapulso.com\/#\/schema\/logo\/image\/","url":"https:\/\/tiendapulso.com\/wp-content\/uploads\/2026\/01\/cropped-logo.png","contentUrl":"https:\/\/tiendapulso.com\/wp-content\/uploads\/2026\/01\/cropped-logo.png","width":718,"height":141,"caption":"Altiora Flight"},"image":{"@id":"https:\/\/tiendapulso.com\/#\/schema\/logo\/image\/"}}]}},"_links":{"self":[{"href":"https:\/\/tiendapulso.com\/index.php\/wp-json\/wp\/v2\/pages\/36","targetHints":{"allow":["GET"]}}],"collection":[{"href":"https:\/\/tiendapulso.com\/index.php\/wp-json\/wp\/v2\/pages"}],"about":[{"href":"https:\/\/tiendapulso.com\/index.php\/wp-json\/wp\/v2\/types\/page"}],"author":[{"embeddable":true,"href":"https:\/\/tiendapulso.com\/index.php\/wp-json\/wp\/v2\/users\/1"}],"replies":[{"embeddable":true,"href":"https:\/\/tiendapulso.com\/index.php\/wp-json\/wp\/v2\/comments?post=36"}],"version-history":[{"count":1,"href":"https:\/\/tiendapulso.com\/index.php\/wp-json\/wp\/v2\/pages\/36\/revisions"}],"predecessor-version":[{"id":37,"href":"https:\/\/tiendapulso.com\/index.php\/wp-json\/wp\/v2\/pages\/36\/revisions\/37"}],"wp:attachment":[{"href":"https:\/\/tiendapulso.com\/index.php\/wp-json\/wp\/v2\/media?parent=36"}],"curies":[{"name":"wp","href":"https:\/\/api.w.org\/{rel}","templated":true}]}}