{"id":3,"date":"2026-01-12T11:42:28","date_gmt":"2026-01-12T11:42:28","guid":{"rendered":"https:\/\/tiendapulso.com\/?page_id=3"},"modified":"2026-01-12T11:53:07","modified_gmt":"2026-01-12T11:53:07","slug":"privacy-policy","status":"publish","type":"page","link":"https:\/\/tiendapulso.com\/index.php\/privacy-policy\/","title":{"rendered":"Pol\u00edtica de privacidad"},"content":{"rendered":"\n<p>Nos dedicamos a mantener su informaci\u00f3n personal segura y privada. Cuando utilice nuestro sitio web y nuestros servicios, recopilaremos, usaremos y divulgaremos informaci\u00f3n como se describe en esta Pol\u00edtica de privacidad. Revise esta pol\u00edtica por un minuto y h\u00e1ganos saber si tiene alguna pregunta o problema.<\/p>\n\n\n\n<div class=\"bs-widget-title one\"><h2 class=\"wp-block-heading\"><span><i class=\"fas fa-arrow-right\"><\/i><\/span>Informaci\u00f3n que recopilamos <\/h2><div class=\"border-line\"><\/div><\/div>\n\n\n\n<p>Podemos recopilar varios tipos de informaci\u00f3n sobre usted cuando interact\u00faa con nuestro sitio web:<\/p>\n\n\n\n<div class=\"bs-widget-title one\"><h3 class=\"wp-block-heading\"><span><i class=\"fas fa-arrow-right\"><\/i><\/span>1. Informaci\u00f3n personal <\/h3><div class=\"border-line\"><\/div><\/div>\n\n\n\n<p>Cuando nos proporciona voluntariamente informaci\u00f3n personal a trav\u00e9s de formularios u otros canales de comunicaci\u00f3n, podemos recopilarla, incluido su nombre, direcci\u00f3n de correo electr\u00f3nico e informaci\u00f3n de contacto. Con el fin de satisfacer sus necesidades, responder a sus preguntas y brindarle el mejor servicio posible, se utiliza esta informaci\u00f3n.<\/p>\n\n\n\n<div class=\"bs-widget-title one\"><h3 class=\"wp-block-heading\"><span><i class=\"fas fa-arrow-right\"><\/i><\/span>2. Informaci\u00f3n no personal <\/h3><div class=\"border-line\"><\/div><\/div>\n\n\n\n<p>Tambi\u00e9n podemos recopilar datos no personales como su direcci\u00f3n IP, sistema operativo, tipo de navegador y estad\u00edsticas de uso del sitio web. Estos datos se combinan y se utilizan para el an\u00e1lisis interno de tendencias, la administraci\u00f3n del sitio web, el seguimiento del movimiento de los usuarios y la recopilaci\u00f3n de datos demogr\u00e1ficos. Ayuda a mejorar el rendimiento y la utilidad de nuestro sitio web.<\/p>\n\n\n\n<div class=\"bs-widget-title one\"><h2 class=\"wp-block-heading\"><span><i class=\"fas fa-arrow-right\"><\/i><\/span>C\u00f3mo usamos su informaci\u00f3n <\/h2><div class=\"border-line\"><\/div><\/div>\n\n\n\n<p>Utilizamos los datos que recopilamos para los siguientes fines:<\/p>\n\n\n\n<ul class=\"wp-block-list\">\n<li>Entregar y mantener nuestros servicios<\/li>\n\n\n\n<li>Mejorar, personalizar y ampliar nuestras ofertas<\/li>\n\n\n\n<li>Responder a sus consultas, comentarios y solicitudes.<\/li>\n\n\n\n<li>Hablar con usted sobre los bienes, servicios, ofertas y ofertas especiales.<\/li>\n\n\n\n<li>Realice un seguimiento y eval\u00fae patrones, aplicaciones y acciones.<\/li>\n\n\n\n<li>Detenga, identifique e investigue cualquier actividad fraudulenta o ilegal.<\/li>\n\n\n\n<li>Mantener la integridad y seguridad de nuestro sitio web.<\/li>\n\n\n\n<li>Cumplir con sus obligaciones legales<\/li>\n<\/ul>\n\n\n\n<div class=\"bs-widget-title one\"><h2 class=\"wp-block-heading\"><span><i class=\"fas fa-arrow-right\"><\/i><\/span>Intercambio y divulgaci\u00f3n de informaci\u00f3n <\/h2><div class=\"border-line\"><\/div><\/div>\n\n\n\n<p>Respetamos su privacidad y no vendemos ni divulgamos su informaci\u00f3n personal a terceros, excepto en las siguientes circunstancias:<\/p>\n\n\n\n<ul class=\"wp-block-list\">\n<li><strong>Proveedores de servicios:<\/strong>\u00a0Para llevar a cabo tareas y manejar su informaci\u00f3n en nuestro nombre, es posible que trabajemos con proveedores de servicios externos de buena reputaci\u00f3n. Estos proveedores de servicios est\u00e1n obligados a mantener su informaci\u00f3n privada y confidencial; Solo pueden usarlo para llevar a cabo tareas en nuestro nombre.<\/li>\n\n\n\n<li><strong>Requisitos legales:<\/strong>\u00a0Si as\u00ed lo exige la ley o en respuesta a demandas leg\u00edtimas de las autoridades p\u00fablicas (como un tribunal o una agencia gubernamental), es posible que estemos obligados a divulgar su informaci\u00f3n.<\/li>\n\n\n\n<li><strong>Transferencias de negocios:<\/strong>\u00a0Su informaci\u00f3n puede ser proporcionada a la empresa adquirente en el caso de una fusi\u00f3n, adquisici\u00f3n o venta de nuestros activos.<\/li>\n\n\n\n<li><strong>Consentimiento:<\/strong>\u00a0Puede darnos permiso para compartir su informaci\u00f3n o solicitarnos que lo hagamos.<\/li>\n<\/ul>\n\n\n\n<div class=\"bs-widget-title one\"><h2 class=\"wp-block-heading\"><span><i class=\"fas fa-arrow-right\"><\/i><\/span>Retenci\u00f3n de datos <\/h2><div class=\"border-line\"><\/div><\/div>\n\n\n\n<p>A menos que la ley exija o autorice un tiempo de retenci\u00f3n m\u00e1s largo, conservaremos su informaci\u00f3n personal durante el tiempo que sea necesario para lograr los objetivos especificados en esta pol\u00edtica de privacidad.<\/p>\n\n\n\n<div class=\"bs-widget-title one\"><h2 class=\"wp-block-heading\"><span><i class=\"fas fa-arrow-right\"><\/i><\/span>Sus derechos <\/h2><div class=\"border-line\"><\/div><\/div>\n\n\n\n<p>Usted tiene derecho a:<\/p>\n\n\n\n<ul class=\"wp-block-list\">\n<li>Obtener, modificar o eliminar sus datos personales.<\/li>\n\n\n\n<li>Retracta tu aprobaci\u00f3n en cualquier momento.<\/li>\n\n\n\n<li>Negarse a que se procese su informaci\u00f3n personal.<\/li>\n\n\n\n<li>Obtenga una copia de los datos que tenemos actualmente sobre usted.<\/li>\n\n\n\n<li>Restringir o minimizar las aplicaciones de sus datos personales a nosotros.<\/li>\n<\/ul>\n\n\n\n<p>Utilice los datos de contacto incluidos al final de esta pol\u00edtica de privacidad para ponerse en contacto con nosotros con el fin de ejercer cualquiera de estos derechos.<\/p>\n\n\n\n<div class=\"bs-widget-title one\"><h2 class=\"wp-block-heading\"><span><i class=\"fas fa-arrow-right\"><\/i><\/span>Seguridad <\/h2><div class=\"border-line\"><\/div><\/div>\n\n\n\n<p>Tomamos las precauciones adecuadas para protegernos contra el acceso, el uso o la divulgaci\u00f3n no autorizados de su informaci\u00f3n personal. Sin embargo, tenga en cuenta que no podemos garantizar una seguridad completa y que no existe una forma 100% segura de transmitir datos a trav\u00e9s de Internet o almacenar archivos electr\u00f3nicos.<\/p>\n\n\n\n<div class=\"bs-widget-title one\"><h2 class=\"wp-block-heading\"><span><i class=\"fas fa-arrow-right\"><\/i><\/span>Enlaces de terceros <\/h2><div class=\"border-line\"><\/div><\/div>\n\n\n\n<p>En nuestro sitio web se pueden encontrar enlaces a sitios web o servicios externos que no son administrados por nosotros. No controlamos, y renunciamos a toda responsabilidad por, las pr\u00e1cticas de privacidad, el contenido o las pol\u00edticas de cualquier sitio web de terceros al que se vincule desde nuestro sitio web.<\/p>\n\n\n\n<div class=\"bs-widget-title one\"><h2 class=\"wp-block-heading\"><span><i class=\"fas fa-arrow-right\"><\/i><\/span>Cambios a esta Pol\u00edtica de Privacidad <\/h2><div class=\"border-line\"><\/div><\/div>\n\n\n\n<p>Es posible que ocasionalmente realicemos cambios en nuestra declaraci\u00f3n de privacidad. Cualquier actualizaci\u00f3n se reflejar\u00e1 en esta p\u00e1gina, junto con una revisi\u00f3n de la fecha de \u00ab\u00daltima actualizaci\u00f3n\u00bb en la parte superior. Se recomienda que revise rutinariamente esta Pol\u00edtica de privacidad para ver si hay revisiones.<\/p>\n\n\n\n<p><\/p>\n","protected":false},"excerpt":{"rendered":"<p>Nos dedicamos a mantener su informaci\u00f3n personal segura y privada. Cuando utilice nuestro sitio web&#8230;<\/p>\n","protected":false},"author":1,"featured_media":0,"parent":0,"menu_order":0,"comment_status":"closed","ping_status":"open","template":"","meta":{"footnotes":""},"class_list":["post-3","page","type-page","status-publish","hentry"],"yoast_head":"<!-- This site is optimized with the Yoast SEO plugin v26.7 - https:\/\/yoast.com\/wordpress\/plugins\/seo\/ -->\n<title>Pol\u00edtica de privacidad - Altiora Flight<\/title>\n<meta name=\"robots\" content=\"index, follow, max-snippet:-1, max-image-preview:large, max-video-preview:-1\" \/>\n<link rel=\"canonical\" href=\"https:\/\/tiendapulso.com\/index.php\/privacy-policy\/\" \/>\n<meta property=\"og:locale\" content=\"es_ES\" \/>\n<meta property=\"og:type\" content=\"article\" \/>\n<meta property=\"og:title\" content=\"Pol\u00edtica de privacidad - Altiora Flight\" \/>\n<meta property=\"og:description\" content=\"Nos dedicamos a mantener su informaci\u00f3n personal segura y privada. Cuando utilice nuestro sitio web...\" \/>\n<meta property=\"og:url\" content=\"https:\/\/tiendapulso.com\/index.php\/privacy-policy\/\" \/>\n<meta property=\"og:site_name\" content=\"Altiora Flight\" \/>\n<meta property=\"article:modified_time\" content=\"2026-01-12T11:53:07+00:00\" \/>\n<meta name=\"twitter:card\" content=\"summary_large_image\" \/>\n<meta name=\"twitter:label1\" content=\"Tiempo de lectura\" \/>\n\t<meta name=\"twitter:data1\" content=\"4 minutos\" \/>\n<script type=\"application\/ld+json\" class=\"yoast-schema-graph\">{\"@context\":\"https:\/\/schema.org\",\"@graph\":[{\"@type\":\"WebPage\",\"@id\":\"https:\/\/tiendapulso.com\/index.php\/privacy-policy\/\",\"url\":\"https:\/\/tiendapulso.com\/index.php\/privacy-policy\/\",\"name\":\"Pol\u00edtica de privacidad - Altiora Flight\",\"isPartOf\":{\"@id\":\"https:\/\/tiendapulso.com\/#website\"},\"datePublished\":\"2026-01-12T11:42:28+00:00\",\"dateModified\":\"2026-01-12T11:53:07+00:00\",\"breadcrumb\":{\"@id\":\"https:\/\/tiendapulso.com\/index.php\/privacy-policy\/#breadcrumb\"},\"inLanguage\":\"es\",\"potentialAction\":[{\"@type\":\"ReadAction\",\"target\":[\"https:\/\/tiendapulso.com\/index.php\/privacy-policy\/\"]}]},{\"@type\":\"BreadcrumbList\",\"@id\":\"https:\/\/tiendapulso.com\/index.php\/privacy-policy\/#breadcrumb\",\"itemListElement\":[{\"@type\":\"ListItem\",\"position\":1,\"name\":\"Home\",\"item\":\"https:\/\/tiendapulso.com\/\"},{\"@type\":\"ListItem\",\"position\":2,\"name\":\"Pol\u00edtica de privacidad\"}]},{\"@type\":\"WebSite\",\"@id\":\"https:\/\/tiendapulso.com\/#website\",\"url\":\"https:\/\/tiendapulso.com\/\",\"name\":\"Altiora Flight\",\"description\":\"Altiora Flight ofrece programas de formaci\u00f3n y capacitaci\u00f3n para pilotos privados. Entrenamiento pr\u00e1ctico, cursos estructurados y apoyo en todas las etapas de la formaci\u00f3n.\",\"publisher\":{\"@id\":\"https:\/\/tiendapulso.com\/#organization\"},\"potentialAction\":[{\"@type\":\"SearchAction\",\"target\":{\"@type\":\"EntryPoint\",\"urlTemplate\":\"https:\/\/tiendapulso.com\/?s={search_term_string}\"},\"query-input\":{\"@type\":\"PropertyValueSpecification\",\"valueRequired\":true,\"valueName\":\"search_term_string\"}}],\"inLanguage\":\"es\"},{\"@type\":\"Organization\",\"@id\":\"https:\/\/tiendapulso.com\/#organization\",\"name\":\"Altiora Flight\",\"url\":\"https:\/\/tiendapulso.com\/\",\"logo\":{\"@type\":\"ImageObject\",\"inLanguage\":\"es\",\"@id\":\"https:\/\/tiendapulso.com\/#\/schema\/logo\/image\/\",\"url\":\"https:\/\/tiendapulso.com\/wp-content\/uploads\/2026\/01\/cropped-logo.png\",\"contentUrl\":\"https:\/\/tiendapulso.com\/wp-content\/uploads\/2026\/01\/cropped-logo.png\",\"width\":718,\"height\":141,\"caption\":\"Altiora Flight\"},\"image\":{\"@id\":\"https:\/\/tiendapulso.com\/#\/schema\/logo\/image\/\"}}]}<\/script>\n<!-- \/ Yoast SEO plugin. -->","yoast_head_json":{"title":"Pol\u00edtica de privacidad - Altiora Flight","robots":{"index":"index","follow":"follow","max-snippet":"max-snippet:-1","max-image-preview":"max-image-preview:large","max-video-preview":"max-video-preview:-1"},"canonical":"https:\/\/tiendapulso.com\/index.php\/privacy-policy\/","og_locale":"es_ES","og_type":"article","og_title":"Pol\u00edtica de privacidad - Altiora Flight","og_description":"Nos dedicamos a mantener su informaci\u00f3n personal segura y privada. Cuando utilice nuestro sitio web...","og_url":"https:\/\/tiendapulso.com\/index.php\/privacy-policy\/","og_site_name":"Altiora Flight","article_modified_time":"2026-01-12T11:53:07+00:00","twitter_card":"summary_large_image","twitter_misc":{"Tiempo de lectura":"4 minutos"},"schema":{"@context":"https:\/\/schema.org","@graph":[{"@type":"WebPage","@id":"https:\/\/tiendapulso.com\/index.php\/privacy-policy\/","url":"https:\/\/tiendapulso.com\/index.php\/privacy-policy\/","name":"Pol\u00edtica de privacidad - Altiora Flight","isPartOf":{"@id":"https:\/\/tiendapulso.com\/#website"},"datePublished":"2026-01-12T11:42:28+00:00","dateModified":"2026-01-12T11:53:07+00:00","breadcrumb":{"@id":"https:\/\/tiendapulso.com\/index.php\/privacy-policy\/#breadcrumb"},"inLanguage":"es","potentialAction":[{"@type":"ReadAction","target":["https:\/\/tiendapulso.com\/index.php\/privacy-policy\/"]}]},{"@type":"BreadcrumbList","@id":"https:\/\/tiendapulso.com\/index.php\/privacy-policy\/#breadcrumb","itemListElement":[{"@type":"ListItem","position":1,"name":"Home","item":"https:\/\/tiendapulso.com\/"},{"@type":"ListItem","position":2,"name":"Pol\u00edtica de privacidad"}]},{"@type":"WebSite","@id":"https:\/\/tiendapulso.com\/#website","url":"https:\/\/tiendapulso.com\/","name":"Altiora Flight","description":"Altiora Flight ofrece programas de formaci\u00f3n y capacitaci\u00f3n para pilotos privados. Entrenamiento pr\u00e1ctico, cursos estructurados y apoyo en todas las etapas de la formaci\u00f3n.","publisher":{"@id":"https:\/\/tiendapulso.com\/#organization"},"potentialAction":[{"@type":"SearchAction","target":{"@type":"EntryPoint","urlTemplate":"https:\/\/tiendapulso.com\/?s={search_term_string}"},"query-input":{"@type":"PropertyValueSpecification","valueRequired":true,"valueName":"search_term_string"}}],"inLanguage":"es"},{"@type":"Organization","@id":"https:\/\/tiendapulso.com\/#organization","name":"Altiora Flight","url":"https:\/\/tiendapulso.com\/","logo":{"@type":"ImageObject","inLanguage":"es","@id":"https:\/\/tiendapulso.com\/#\/schema\/logo\/image\/","url":"https:\/\/tiendapulso.com\/wp-content\/uploads\/2026\/01\/cropped-logo.png","contentUrl":"https:\/\/tiendapulso.com\/wp-content\/uploads\/2026\/01\/cropped-logo.png","width":718,"height":141,"caption":"Altiora Flight"},"image":{"@id":"https:\/\/tiendapulso.com\/#\/schema\/logo\/image\/"}}]}},"_links":{"self":[{"href":"https:\/\/tiendapulso.com\/index.php\/wp-json\/wp\/v2\/pages\/3","targetHints":{"allow":["GET"]}}],"collection":[{"href":"https:\/\/tiendapulso.com\/index.php\/wp-json\/wp\/v2\/pages"}],"about":[{"href":"https:\/\/tiendapulso.com\/index.php\/wp-json\/wp\/v2\/types\/page"}],"author":[{"embeddable":true,"href":"https:\/\/tiendapulso.com\/index.php\/wp-json\/wp\/v2\/users\/1"}],"replies":[{"embeddable":true,"href":"https:\/\/tiendapulso.com\/index.php\/wp-json\/wp\/v2\/comments?post=3"}],"version-history":[{"count":1,"href":"https:\/\/tiendapulso.com\/index.php\/wp-json\/wp\/v2\/pages\/3\/revisions"}],"predecessor-version":[{"id":35,"href":"https:\/\/tiendapulso.com\/index.php\/wp-json\/wp\/v2\/pages\/3\/revisions\/35"}],"wp:attachment":[{"href":"https:\/\/tiendapulso.com\/index.php\/wp-json\/wp\/v2\/media?parent=3"}],"curies":[{"name":"wp","href":"https:\/\/api.w.org\/{rel}","templated":true}]}}